



















{"id":11447,"date":"2014-07-04T11:53:02","date_gmt":"2014-07-04T11:53:02","guid":{"rendered":"http:\/\/www.sbal.net\/?page_id=11447"},"modified":"2024-01-09T08:27:01","modified_gmt":"2024-01-09T08:27:01","slug":"imprimaki-ereduak","status":"publish","type":"page","link":"https:\/\/www.sbal.net\/eu\/utilitateak\/imprimaki-ereduak\/","title":{"rendered":"Imprimaki ereduak"},"content":{"rendered":"<p>\";<\/script><\/p>\n<h2>Listado de los diferentes Modelos de Declaraci\u00f3n por Territorios<\/h2>\n<ul>\n<li><a title=\"Teritorio Com\u00fan. AEAT - Calendario del Contribuyente 2009\" href=\"https:\/\/sede.agenciatributaria.gob.es\/Sede\/eu_es\/presentar-consultar-declaraciones-modelo.html\">Teritorio Com\u00fan<\/a><\/li>\n<li><a title=\"Vizcaya. Calendario del Contribuyente 2009\" href=\"http:\/\/www.bizkaia.net\/home2\/Temas\/DetalleTema.asp?Tem_Codigo=3587\">Vizcaya<\/a><\/li>\n<li><a title=\"Guip\u00fazcoa. Calendario del Contribuyente 2009\" href=\"http:\/\/webwpub1.gipuzkoa.net\/wps\/portal\/ogasuna\/\">Guip\u00fazcoa<\/a><\/li>\n<li><a title=\"Alava. Calendario del Contribuyente 2009\" href=\"https:\/\/web.araba.eus\/eu\/ogasuna\/zerga-eredu-eta-imprimikiak\">Alava<\/a><\/li>\n<li><a title=\"Navarra. Calendario del Contribuyente 2009\" href=\"http:\/\/www.navarra.es\/home_es\/Gobierno+de+Navarra\/Organigrama\/Los+departamentos\/Economia+y+Hacienda\/Organigrama\/Estructura+Organica\/Hacienda\/Ayuda+e+impresos\/\">Navarra<\/a><\/li>\n<\/ul>\n<p>&nbsp;<\/p>\n","protected":false},"excerpt":{"rendered":"Enlaces a los m\u00f3delos de declaraci\u00f3n en funci\u00f3n de los distintos territorios","protected":false},"author":3,"featured_media":14161,"parent":14830,"menu_order":110,"comment_status":"closed","ping_status":"closed","template":"page-fullwidth.php","meta":{"footnotes":"","_links_to":"","_links_to_target":""},"class_list":["post-11447","page","type-page","status-publish","has-post-thumbnail","hentry"],"_links":{"self":[{"href":"https:\/\/www.sbal.net\/eu\/wp-json\/wp\/v2\/pages\/11447","targetHints":{"allow":["GET"]}}],"collection":[{"href":"https:\/\/www.sbal.net\/eu\/wp-json\/wp\/v2\/pages"}],"about":[{"href":"https:\/\/www.sbal.net\/eu\/wp-json\/wp\/v2\/types\/page"}],"author":[{"embeddable":true,"href":"https:\/\/www.sbal.net\/eu\/wp-json\/wp\/v2\/users\/3"}],"replies":[{"embeddable":true,"href":"https:\/\/www.sbal.net\/eu\/wp-json\/wp\/v2\/comments?post=11447"}],"version-history":[{"count":3,"href":"https:\/\/www.sbal.net\/eu\/wp-json\/wp\/v2\/pages\/11447\/revisions"}],"predecessor-version":[{"id":51962,"href":"https:\/\/www.sbal.net\/eu\/wp-json\/wp\/v2\/pages\/11447\/revisions\/51962"}],"up":[{"embeddable":true,"href":"https:\/\/www.sbal.net\/eu\/wp-json\/wp\/v2\/pages\/14830"}],"wp:featuredmedia":[{"embeddable":true,"href":"https:\/\/www.sbal.net\/eu\/wp-json\/wp\/v2\/media\/14161"}],"wp:attachment":[{"href":"https:\/\/www.sbal.net\/eu\/wp-json\/wp\/v2\/media?parent=11447"}],"curies":[{"name":"wp","href":"https:\/\/api.w.org\/{rel}","templated":true}]}}