



















{"id":11381,"date":"2014-07-04T11:14:08","date_gmt":"2014-07-04T11:14:08","guid":{"rendered":"http:\/\/www.sbal.net\/?page_id=11381"},"modified":"2014-07-04T11:14:08","modified_gmt":"2014-07-04T11:14:08","slug":"protocolo-de-actuacion-ante-el-desplazamiento-de-un-trabajador","status":"publish","type":"page","link":"https:\/\/www.sbal.net\/eu\/utilitateak\/sbal-asesora-al-expatriado\/lineas-directrices-del-tratamiento-fiscal-del-personal-expatriado\/protocolo-de-actuacion-ante-el-desplazamiento-de-un-trabajador\/","title":{"rendered":"Protocolo de actuaci\u00f3n ante el desplazamiento de un trabajador"},"content":{"rendered":"<p>\";<\/script><\/p>\n<div id=\"borde\">\n<div>\n<p><strong>Es conveniente que exista una pol\u00edtica general de empresa<\/strong> en materia de expatriados:<\/p>\n<ul>\n<li>Que establezca un procedimiento de actuaci\u00f3n preestablecido \u00fanico para todos los desplazados.<\/li>\n<li>Que fije los par\u00e1metros para determinar sus nuevas condiciones (principalmente retributivas).<\/li>\n<\/ul>\n<p>Cada desplazamiento requerir\u00e1<strong> tratar:<\/strong><\/p>\n<ul>\n<li>Propuesta de desplazamiento, negociaci\u00f3n y pacto de los t\u00e9rminos del desplazamiento.<\/li>\n<li>El periodo que permanezca desplazado.<\/li>\n<li>El retorno.<\/li>\n<\/ul>\n<p>Con el objeto de facilitar la fiscalidad del expatriado, las empresas suelen poner a su disposici\u00f3n dos instrumentos:<\/p>\n<ul>\n<li>El servicio de asesoramiento fiscal.<\/li>\n<li>El reconocimiento de un plus de desplazamiento cuyo importe se negociar\u00e1 <strong><em>entre las partes, a partir de unos par\u00e1metros preestablecidos<\/em><\/strong>, y que incluir\u00e1 la compensaci\u00f3n personal y econ\u00f3mica por todos los conceptos (incluidos los fiscales).<\/li>\n<\/ul>\n<\/div>\n<\/div>\n","protected":false},"excerpt":{"rendered":"\"; Es conveniente que exista una pol\u00edtica general de empresa en materia de expatriados: Que establezca un procedimiento de actuaci\u00f3n preestablecido \u00fanico para todos los desplazados. Que fije los par\u00e1metros para determinar sus nuevas condiciones (principalmente retributivas). Cada desplazamiento requerir\u00e1 tratar: Propuesta de desplazamiento, negociaci\u00f3n y pacto de los t\u00e9rminos del desplazamiento. El periodo que permanezca desplazado. El retorno. Con&nbsp;<a href=\"https:\/\/www.sbal.net\/eu\/utilitateak\/sbal-asesora-al-expatriado\/lineas-directrices-del-tratamiento-fiscal-del-personal-expatriado\/protocolo-de-actuacion-ante-el-desplazamiento-de-un-trabajador\/\" class=\"read-more\">Continue Reading<\/a>","protected":false},"author":3,"featured_media":0,"parent":11362,"menu_order":30,"comment_status":"closed","ping_status":"closed","template":"","meta":{"footnotes":"","_links_to":"","_links_to_target":""},"class_list":["post-11381","page","type-page","status-publish","hentry"],"_links":{"self":[{"href":"https:\/\/www.sbal.net\/eu\/wp-json\/wp\/v2\/pages\/11381","targetHints":{"allow":["GET"]}}],"collection":[{"href":"https:\/\/www.sbal.net\/eu\/wp-json\/wp\/v2\/pages"}],"about":[{"href":"https:\/\/www.sbal.net\/eu\/wp-json\/wp\/v2\/types\/page"}],"author":[{"embeddable":true,"href":"https:\/\/www.sbal.net\/eu\/wp-json\/wp\/v2\/users\/3"}],"replies":[{"embeddable":true,"href":"https:\/\/www.sbal.net\/eu\/wp-json\/wp\/v2\/comments?post=11381"}],"version-history":[{"count":1,"href":"https:\/\/www.sbal.net\/eu\/wp-json\/wp\/v2\/pages\/11381\/revisions"}],"predecessor-version":[{"id":11398,"href":"https:\/\/www.sbal.net\/eu\/wp-json\/wp\/v2\/pages\/11381\/revisions\/11398"}],"up":[{"embeddable":true,"href":"https:\/\/www.sbal.net\/eu\/wp-json\/wp\/v2\/pages\/11362"}],"wp:attachment":[{"href":"https:\/\/www.sbal.net\/eu\/wp-json\/wp\/v2\/media?parent=11381"}],"curies":[{"name":"wp","href":"https:\/\/api.w.org\/{rel}","templated":true}]}}