



















{"id":11373,"date":"2014-07-04T11:12:50","date_gmt":"2014-07-04T11:12:50","guid":{"rendered":"http:\/\/www.sbal.net\/?page_id=11373"},"modified":"2015-01-14T16:15:50","modified_gmt":"2015-01-14T16:15:50","slug":"tributacion-del-trabajador-desplazado-no-residente-en-espana-irnr","status":"publish","type":"page","link":"https:\/\/www.sbal.net\/eu\/utilitateak\/sbal-asesora-al-expatriado\/lineas-directrices-del-tratamiento-fiscal-del-personal-expatriado\/tributacion-del-trabajador-desplazado-no-residente-en-espana-irnr\/","title":{"rendered":"Tributaci\u00f3n del trabajador desplazado No Residente en Espa\u00f1a (IRNR)"},"content":{"rendered":"<p>\";<\/script><\/p>\n<div id=\"borde\">\n<div>\n<div id=\"borde\">\n<div>\n<h3>Tributar\u00e1 por obligaci\u00f3n real en Espa\u00f1a de conformidad con el IRNR.<\/h3>\n<p>La tributaci\u00f3n por obligaci\u00f3n real en Espa\u00f1a<strong> somete a gravamen de forma individualizada cada renta que se genere en territorio espa\u00f1ol<\/strong>, sin posibilidad de aplicar compensaci\u00f3n, deducci\u00f3n o bonificaci\u00f3n alguna (salvo donativos); de conformidad con lo establecido en el Convenio de Doble Imposici\u00f3n, si se puede acreditar su aplicaci\u00f3n, y en la normativa interna de no residentes.<\/p>\n<p>El<strong> rendimiento del trabajo<\/strong> quedar\u00e1 gravado en el lugar donde se preste. Por tanto, no estar\u00e1 sujeta a tributaci\u00f3n por obligaci\u00f3n real en Espa\u00f1a, salvo el a\u00f1o de la marcha o del regreso, si tiene esta consideraci\u00f3n de \u201cno residente\u201d, por la parte del rendimiento del trabajo que se pudiera corresponder con trabajo prestado en Espa\u00f1a.<\/p>\n<p>El<strong> tipo general<\/strong> de gravamen es el 24% para 2015 y 2016 (para residentes en la UE: 20% en 2015 y 19% en 2016).<\/p>\n<p>Los <strong>dividendos, los intereses y las ganancias patrimoniales<\/strong> tributan al 20% en 2015 y al 19% en 2016.<\/p>\n<p>El <strong>devengo<\/strong>, con car\u00e1cter general, se produce en los rendimientos el momento de la exigibilidad o cobro si es anterior.<\/p>\n<p>El <strong>modelo de declaraci\u00f3n ordinaria<\/strong> es el 210 y se presenta, con car\u00e1cter general, en el plazo del mes posterior al devengo.<\/p>\n<h3>Retenci\u00f3n a cuenta<\/h3>\n<p>La empresa le practicar\u00e1 una retenci\u00f3n a cuenta del IRNR, cuando el trabajo se preste en Espa\u00f1a, por importe equivalente a este impuesto (el 24% para 2015 y 2016; para residentes en la UE: 20% en 2015 y 19% en 2016).<\/p>\n<h3>Impuesto sobre el Patrimonio<\/h3>\n<p>Si bien el Impuesto sobre el Patrimonio hab\u00eda sido suprimido a partir de 01.01.2008, se restablece su vigencia, salvo que la Comunidad Aut\u00f3noma competente dispusiera otra cosa, tanto para los residentes, como para los no residentes.<\/p>\n<h3>Certificado de residencia<\/h3>\n<p>Es substancial tramitar anualmente el certificado de residencia en el extranjero<\/p>\n<\/div>\n<\/div>\n<\/div>\n<\/div>\n","protected":false},"excerpt":{"rendered":"\"; Tributar\u00e1 por obligaci\u00f3n real en Espa\u00f1a de conformidad con el IRNR. La tributaci\u00f3n por obligaci\u00f3n real en Espa\u00f1a somete a gravamen de forma individualizada cada renta que se genere en territorio espa\u00f1ol, sin posibilidad de aplicar compensaci\u00f3n, deducci\u00f3n o bonificaci\u00f3n alguna (salvo donativos); de conformidad con lo establecido en el Convenio de Doble Imposici\u00f3n, si se puede acreditar su&nbsp;<a href=\"https:\/\/www.sbal.net\/eu\/utilitateak\/sbal-asesora-al-expatriado\/lineas-directrices-del-tratamiento-fiscal-del-personal-expatriado\/tributacion-del-trabajador-desplazado-no-residente-en-espana-irnr\/\" class=\"read-more\">Continue Reading<\/a>","protected":false},"author":3,"featured_media":0,"parent":11362,"menu_order":70,"comment_status":"closed","ping_status":"closed","template":"","meta":{"footnotes":"","_links_to":"","_links_to_target":""},"class_list":["post-11373","page","type-page","status-publish","hentry"],"_links":{"self":[{"href":"https:\/\/www.sbal.net\/eu\/wp-json\/wp\/v2\/pages\/11373","targetHints":{"allow":["GET"]}}],"collection":[{"href":"https:\/\/www.sbal.net\/eu\/wp-json\/wp\/v2\/pages"}],"about":[{"href":"https:\/\/www.sbal.net\/eu\/wp-json\/wp\/v2\/types\/page"}],"author":[{"embeddable":true,"href":"https:\/\/www.sbal.net\/eu\/wp-json\/wp\/v2\/users\/3"}],"replies":[{"embeddable":true,"href":"https:\/\/www.sbal.net\/eu\/wp-json\/wp\/v2\/comments?post=11373"}],"version-history":[{"count":2,"href":"https:\/\/www.sbal.net\/eu\/wp-json\/wp\/v2\/pages\/11373\/revisions"}],"predecessor-version":[{"id":12229,"href":"https:\/\/www.sbal.net\/eu\/wp-json\/wp\/v2\/pages\/11373\/revisions\/12229"}],"up":[{"embeddable":true,"href":"https:\/\/www.sbal.net\/eu\/wp-json\/wp\/v2\/pages\/11362"}],"wp:attachment":[{"href":"https:\/\/www.sbal.net\/eu\/wp-json\/wp\/v2\/media?parent=11373"}],"curies":[{"name":"wp","href":"https:\/\/api.w.org\/{rel}","templated":true}]}}