



















{"id":11367,"date":"2014-07-04T11:11:55","date_gmt":"2014-07-04T11:11:55","guid":{"rendered":"http:\/\/www.sbal.net\/?page_id=11367"},"modified":"2014-07-04T11:11:55","modified_gmt":"2014-07-04T11:11:55","slug":"tratamiento-fiscal-diferenciado-del-trabajador-desplazado-a-efectos-de-gravamen-en-renta-y-de-practica-de-retenciones-por-la-empresa","status":"publish","type":"page","link":"https:\/\/www.sbal.net\/eu\/utilitateak\/sbal-asesora-al-expatriado\/lineas-directrices-del-tratamiento-fiscal-del-personal-expatriado\/tratamiento-fiscal-diferenciado-del-trabajador-desplazado-a-efectos-de-gravamen-en-renta-y-de-practica-de-retenciones-por-la-empresa\/","title":{"rendered":"Tratamiento Fiscal diferenciado del trabajador desplazado, a efectos de gravamen en renta y de pr\u00e1ctica de retenciones por la empresa"},"content":{"rendered":"<p>\";<\/script><\/p>\n<div id=\"borde\">\n<div>\n<h3>Trabajador desplazado que conserva la condici\u00f3n de \"residente\" en Espa\u00f1a<\/h3>\n<p>Tributar\u00e1 por obligaci\u00f3n personal, seg\u00fan el Impuesto sobre la Renta de las Personas F\u00edsicas (en lo sucesivo, IRPF), pudiendo aplicar tres posibles beneficios:<\/p>\n<ul>\n<li>Dietas diarias por desplazamiento al extranjero exceptuadas de gravamen.<\/li>\n<li>Dietas por los excesos de retribuci\u00f3n percibidos por trabajo en el extranjero exceptuadas de gravamen.<\/li>\n<li>Exenci\u00f3n de rendimientos percibidos por trabajos prestados en el extranjero hasta un m\u00e1ximo de 60.100 euros.<\/li>\n<\/ul>\n<h3>Trabajador desplazado que pasa a ser \"no residente\" en Espa\u00f1a y residente fiscal en un pa\u00eds extranjero<\/h3>\n<p>Se aplicar\u00e1 en Espa\u00f1a la normativa espec\u00edfica del Impuesto sobre la Renta de no Residentes (en lo sucesivo, IRNR) a efectos de tributaci\u00f3n de sus rentas y pr\u00e1ctica de retenciones por la empresa pagadora. Simult\u00e1neamente, tendr\u00e1 que tramitar el alta fiscal en el Pa\u00eds de destino.<\/p>\n<\/div>\n<\/div>\n","protected":false},"excerpt":{"rendered":"\"; Trabajador desplazado que conserva la condici\u00f3n de \"residente\" en Espa\u00f1a Tributar\u00e1 por obligaci\u00f3n personal, seg\u00fan el Impuesto sobre la Renta de las Personas F\u00edsicas (en lo sucesivo, IRPF), pudiendo aplicar tres posibles beneficios: Dietas diarias por desplazamiento al extranjero exceptuadas de gravamen. Dietas por los excesos de retribuci\u00f3n percibidos por trabajo en el extranjero exceptuadas de gravamen. Exenci\u00f3n de&nbsp;<a href=\"https:\/\/www.sbal.net\/eu\/utilitateak\/sbal-asesora-al-expatriado\/lineas-directrices-del-tratamiento-fiscal-del-personal-expatriado\/tratamiento-fiscal-diferenciado-del-trabajador-desplazado-a-efectos-de-gravamen-en-renta-y-de-practica-de-retenciones-por-la-empresa\/\" class=\"read-more\">Continue Reading<\/a>","protected":false},"author":3,"featured_media":0,"parent":11362,"menu_order":100,"comment_status":"closed","ping_status":"closed","template":"","meta":{"footnotes":"","_links_to":"","_links_to_target":""},"class_list":["post-11367","page","type-page","status-publish","hentry"],"_links":{"self":[{"href":"https:\/\/www.sbal.net\/eu\/wp-json\/wp\/v2\/pages\/11367","targetHints":{"allow":["GET"]}}],"collection":[{"href":"https:\/\/www.sbal.net\/eu\/wp-json\/wp\/v2\/pages"}],"about":[{"href":"https:\/\/www.sbal.net\/eu\/wp-json\/wp\/v2\/types\/page"}],"author":[{"embeddable":true,"href":"https:\/\/www.sbal.net\/eu\/wp-json\/wp\/v2\/users\/3"}],"replies":[{"embeddable":true,"href":"https:\/\/www.sbal.net\/eu\/wp-json\/wp\/v2\/comments?post=11367"}],"version-history":[{"count":1,"href":"https:\/\/www.sbal.net\/eu\/wp-json\/wp\/v2\/pages\/11367\/revisions"}],"predecessor-version":[{"id":11385,"href":"https:\/\/www.sbal.net\/eu\/wp-json\/wp\/v2\/pages\/11367\/revisions\/11385"}],"up":[{"embeddable":true,"href":"https:\/\/www.sbal.net\/eu\/wp-json\/wp\/v2\/pages\/11362"}],"wp:attachment":[{"href":"https:\/\/www.sbal.net\/eu\/wp-json\/wp\/v2\/media?parent=11367"}],"curies":[{"name":"wp","href":"https:\/\/api.w.org\/{rel}","templated":true}]}}